{"id":13148,"date":"2018-10-02T14:14:06","date_gmt":"2018-10-02T14:14:06","guid":{"rendered":"https:\/\/themicart.com\/interico-wpb\/?page_id=13148"},"modified":"2025-06-23T09:12:14","modified_gmt":"2025-06-23T09:12:14","slug":"contact-us","status":"publish","type":"page","link":"https:\/\/snrtarget.com.tr\/en\/contact-us\/","title":{"rendered":"Contact us"},"content":{"rendered":"<p>[vc_row full_width=&#8221;stretch_row&#8221; css=&#8221;.vc_custom_1538489680789{padding-bottom: 60px !important;background: #292929 url(https:\/\/snrtarget.com.tr\/wp-content\/uploads\/2018\/10\/vertical-grid-5.png?id=12972) !important;background-position: 0 0 !important;background-repeat: repeat !important;}&#8221; el_class=&#8221;overflow-visible&#8221;][vc_column][vc_row_inner el_class=&#8221;overflow-visible&#8221; css=&#8221;.vc_custom_1536850646312{margin-top: -30px !important;}&#8221;][vc_column_inner width=&#8221;1\/4&#8243;]<div class=\"feature-box icon-top-centered box-hovered spacing-30 spacing-mob-30 dark\"><span class=\"lnr lnr-phone\"><\/span><div class=\"content-wrapper\"><h3 class=\"feature-title\">Turkey<\/h3><p class=\"feature-text\">+90 552 643 31 34 info@snrtarget.com.tr<\/p><\/div><\/div>[\/vc_column_inner][vc_column_inner width=&#8221;1\/4&#8243;]<div class=\"feature-box icon-top-centered box-hovered spacing-30 spacing-mob-30 dark\"><span class=\"lnr lnr-phone\"><\/span><div class=\"content-wrapper\"><h3 class=\"feature-title\">Arabic \/ English<\/h3><p class=\"feature-text\">+90 552 643 31 34<\/p><\/div><\/div>[\/vc_column_inner][vc_column_inner width=&#8221;1\/4&#8243;]<div class=\"feature-box icon-top-centered box-hovered spacing-30 spacing-mob-30 dark\"><span class=\"lnr lnr-home\"><\/span><div class=\"content-wrapper\"><h3 class=\"feature-title\">Istanbul - Turkey<\/h3><p class=\"feature-text\">FIRST AVENUE ISTANBUL, Cumhuriyet, Cevval Sk No:3 C BLOK DAIRE 57, 34500 B\u00fcy\u00fck\u00e7ekmece\/\u0130stanbul<\/p><\/div><\/div>[\/vc_column_inner][vc_column_inner width=&#8221;1\/4&#8243;]<div class=\"feature-box icon-top-centered box-hovered spacing-30 spacing-mob-30 dark\"><span class=\"lnr lnr-envelope\"><\/span><div class=\"content-wrapper\"><h3 class=\"feature-title\">info@snrtarget.com.tr<\/h3><p class=\"feature-text\">support@snrtarget.com.tr<\/p><\/div><\/div>[\/vc_column_inner][\/vc_row_inner][\/vc_column][\/vc_row][vc_row full_width=&#8221;stretch_row&#8221; css=&#8221;.vc_custom_1538489710716{padding-top: 80px !important;padding-bottom: 120px !important;background-position: 0 0 !important;background-repeat: repeat !important;}&#8221;][vc_column width=&#8221;1\/2&#8243;][vc_gmaps link=&#8221;#E-8_JTNDaWZyYW1lJTIwc3JjJTNEJTIyaHR0cHMlM0ElMkYlMkZ3d3cuZ29vZ2xlLmNvbSUyRm1hcHMlMkZlbWJlZCUzRnBiJTNEJTIxMW0xOCUyMTFtMTIlMjExbTMlMjExZDEyMDM5LjQzMTIwNzM4NzI2MiUyMTJkMjguNjE2MzM4NTUwMDAwMDAyJTIxM2Q0MS4wMjgzNjY4NTAwMDAwMDUlMjEybTMlMjExZjAlMjEyZjAlMjEzZjAlMjEzbTIlMjExaTEwMjQlMjEyaTc2OCUyMTRmMTMuMSUyMTNtMyUyMTFtMiUyMTFzMHgxNGNhYjcwYzliMWNhM2U3JTI1M0EweDQ5MzQ1ZDY4MjljNTk5OWYlMjEyc3NucnRhcmdldCUyMTVlMCUyMTNtMiUyMTFzYXIlMjEyc3RyJTIxNHYxNzUwNjY4MzU4NjM3JTIxNW0yJTIxMXNhciUyMTJzdHIlMjIlMjB3aWR0aCUzRCUyMjYwMCUyMiUyMGhlaWdodCUzRCUyMjQ1MCUyMiUyMHN0eWxlJTNEJTIyYm9yZGVyJTNBMCUzQiUyMiUyMGFsbG93ZnVsbHNjcmVlbiUzRCUyMiUyMiUyMGxvYWRpbmclM0QlMjJsYXp5JTIyJTIwcmVmZXJyZXJwb2xpY3klM0QlMjJuby1yZWZlcnJlci13aGVuLWRvd25ncmFkZSUyMiUzRSUzQyUyRmlmcmFtZSUzRWUlM0U=&#8221; title=&#8221;Turkey&#8221;][\/vc_column][vc_column width=&#8221;1\/2&#8243;][vc_row_inner el_class=&#8221;overlap-left&#8221;][vc_column_inner el_class=&#8221;shadow-box form-dark&#8221;]<span class=\"subtitle dash-false style-dark text-default\">Contact us<\/span>[vc_column_text]<\/p>\n<h2><strong>Let&#8217;s talk together.<\/strong><\/h2>\n<p>[\/vc_column_text]<div class=\"dash style-dark default\"><\/div>\n<div class=\"wpcf7 no-js\" id=\"wpcf7-f6793-o1\" lang=\"en-US\" dir=\"ltr\" data-wpcf7-id=\"6793\">\n<div class=\"screen-reader-response\"><p role=\"status\" aria-live=\"polite\" aria-atomic=\"true\"><\/p> <ul><\/ul><\/div>\n<form action=\"\/en\/wp-json\/wp\/v2\/pages\/13148#wpcf7-f6793-o1\" method=\"post\" class=\"wpcf7-form init\" aria-label=\"Contact form\" novalidate=\"novalidate\" data-status=\"init\">\n<fieldset class=\"hidden-fields-container\"><input type=\"hidden\" name=\"_wpcf7\" value=\"6793\" \/><input type=\"hidden\" name=\"_wpcf7_version\" value=\"6.1.5\" \/><input type=\"hidden\" name=\"_wpcf7_locale\" value=\"en_US\" \/><input type=\"hidden\" name=\"_wpcf7_unit_tag\" value=\"wpcf7-f6793-o1\" \/><input type=\"hidden\" name=\"_wpcf7_container_post\" value=\"0\" \/><input type=\"hidden\" name=\"_wpcf7_posted_data_hash\" value=\"\" \/>\n<\/fieldset>\n<p><span class=\"wpcf7-form-control-wrap\" data-name=\"your-name\"><input size=\"40\" maxlength=\"400\" class=\"wpcf7-form-control wpcf7-text wpcf7-validates-as-required\" aria-required=\"true\" aria-invalid=\"false\" placeholder=\"Name\" value=\"\" type=\"text\" name=\"your-name\" \/><\/span>\n<\/p>\n<p><span class=\"wpcf7-form-control-wrap\" data-name=\"your-email\"><input size=\"40\" maxlength=\"400\" class=\"wpcf7-form-control wpcf7-email wpcf7-validates-as-required wpcf7-text wpcf7-validates-as-email\" aria-required=\"true\" aria-invalid=\"false\" placeholder=\"Email\" value=\"\" type=\"email\" name=\"your-email\" \/><\/span>\n<\/p>\n<p><span class=\"wpcf7-form-control-wrap\" data-name=\"your-subject\"><input size=\"40\" maxlength=\"400\" class=\"wpcf7-form-control wpcf7-text wpcf7-validates-as-required\" aria-required=\"true\" aria-invalid=\"false\" placeholder=\"Subject\" value=\"\" type=\"text\" name=\"your-subject\" \/><\/span>\n<\/p>\n<p><span class=\"wpcf7-form-control-wrap\" data-name=\"your-message\"><textarea cols=\"5\" rows=\"1\" maxlength=\"2000\" class=\"wpcf7-form-control wpcf7-textarea wpcf7-validates-as-required\" aria-required=\"true\" aria-invalid=\"false\" placeholder=\"Hello, I am interested in...\" name=\"your-message\"><\/textarea><\/span>\n<\/p>\n<p><input class=\"wpcf7-form-control wpcf7-submit has-spinner\" type=\"submit\" value=\"Send\" \/>\n<\/p><div class=\"wpcf7-response-output\" aria-hidden=\"true\"><\/div>\n<\/form>\n<\/div>\n[\/vc_column_inner][\/vc_row_inner][\/vc_column][\/vc_row]<\/p>\n","protected":false},"excerpt":{"rendered":"<p>[vc_row full_width=&#8221;stretch_row&#8221; css=&#8221;.vc_custom_1538489680789{padding-bottom: 60px !important;background: #292929 url(https:\/\/snrtarget.com.tr\/wp-content\/uploads\/2018\/10\/vertical-grid-5.png?id=12972) !important;background-position: 0 0 !important;background-repeat: repeat !important;}&#8221; el_class=&#8221;overflow-visible&#8221;][vc_column][vc_row_inner el_class=&#8221;overflow-visible&#8221; css=&#8221;.vc_custom_1536850646312{margin-top: -30px !important;}&#8221;][vc_column_inner width=&#8221;1\/4&#8243;][\/vc_column_inner][vc_column_inner width=&#8221;1\/4&#8243;][\/vc_column_inner][vc_column_inner width=&#8221;1\/4&#8243;][\/vc_column_inner][vc_column_inner width=&#8221;1\/4&#8243;][\/vc_column_inner][\/vc_row_inner][\/vc_column][\/vc_row][vc_row full_width=&#8221;stretch_row&#8221; css=&#8221;.vc_custom_1538489710716{padding-top: 80px !important;padding-bottom: 120px !important;background-position: 0 0 !important;background-repeat: repeat !important;}&#8221;][vc_column width=&#8221;1\/2&#8243;][vc_gmaps link=&#8221;#E-8_JTNDaWZyYW1lJTIwc3JjJTNEJTIyaHR0cHMlM0ElMkYlMkZ3d3cuZ29vZ2xlLmNvbSUyRm1hcHMlMkZlbWJlZCUzRnBiJTNEJTIxMW0xOCUyMTFtMTIlMjExbTMlMjExZDEyMDM5LjQzMTIwNzM4NzI2MiUyMTJkMjguNjE2MzM4NTUwMDAwMDAyJTIxM2Q0MS4wMjgzNjY4NTAwMDAwMDUlMjEybTMlMjExZjAlMjEyZjAlMjEzZjAlMjEzbTIlMjExaTEwMjQlMjEyaTc2OCUyMTRmMTMuMSUyMTNtMyUyMTFtMiUyMTFzMHgxNGNhYjcwYzliMWNhM2U3JTI1M0EweDQ5MzQ1ZDY4MjljNTk5OWYlMjEyc3NucnRhcmdldCUyMTVlMCUyMTNtMiUyMTFzYXIlMjEyc3RyJTIxNHYxNzUwNjY4MzU4NjM3JTIxNW0yJTIxMXNhciUyMTJzdHIlMjIlMjB3aWR0aCUzRCUyMjYwMCUyMiUyMGhlaWdodCUzRCUyMjQ1MCUyMiUyMHN0eWxlJTNEJTIyYm9yZGVyJTNBMCUzQiUyMiUyMGFsbG93ZnVsbHNjcmVlbiUzRCUyMiUyMiUyMGxvYWRpbmclM0QlMjJsYXp5JTIyJTIwcmVmZXJyZXJwb2xpY3klM0QlMjJuby1yZWZlcnJlci13aGVuLWRvd25ncmFkZSUyMiUzRSUzQyUyRmlmcmFtZSUzRWUlM0U=&#8221; title=&#8221;Turkey&#8221;][\/vc_column][vc_column width=&#8221;1\/2&#8243;][vc_row_inner el_class=&#8221;overlap-left&#8221;][vc_column_inner el_class=&#8221;shadow-box form-dark&#8221;][vc_column_text] Let&#8217;s talk together. [\/vc_column_text][\/vc_column_inner][\/vc_row_inner][\/vc_column][\/vc_row]<\/p>\n","protected":false},"author":1,"featured_media":0,"parent":0,"menu_order":0,"comment_status":"closed","ping_status":"closed","template":"","meta":{"footnotes":""},"class_list":["post-13148","page","type-page","status-publish","hentry"],"_links":{"self":[{"href":"https:\/\/snrtarget.com.tr\/en\/wp-json\/wp\/v2\/pages\/13148","targetHints":{"allow":["GET"]}}],"collection":[{"href":"https:\/\/snrtarget.com.tr\/en\/wp-json\/wp\/v2\/pages"}],"about":[{"href":"https:\/\/snrtarget.com.tr\/en\/wp-json\/wp\/v2\/types\/page"}],"author":[{"embeddable":true,"href":"https:\/\/snrtarget.com.tr\/en\/wp-json\/wp\/v2\/users\/1"}],"replies":[{"embeddable":true,"href":"https:\/\/snrtarget.com.tr\/en\/wp-json\/wp\/v2\/comments?post=13148"}],"version-history":[{"count":23,"href":"https:\/\/snrtarget.com.tr\/en\/wp-json\/wp\/v2\/pages\/13148\/revisions"}],"predecessor-version":[{"id":14816,"href":"https:\/\/snrtarget.com.tr\/en\/wp-json\/wp\/v2\/pages\/13148\/revisions\/14816"}],"wp:attachment":[{"href":"https:\/\/snrtarget.com.tr\/en\/wp-json\/wp\/v2\/media?parent=13148"}],"curies":[{"name":"wp","href":"https:\/\/api.w.org\/{rel}","templated":true}]}}